{"id":761,"date":"2025-08-07T10:52:33","date_gmt":"2025-08-07T10:52:33","guid":{"rendered":"https:\/\/siostry.org.pl\/?page_id=761"},"modified":"2026-04-16T21:14:37","modified_gmt":"2026-04-16T21:14:37","slug":"projekty","status":"publish","type":"page","link":"https:\/\/siostry.org.pl\/en\/projekty\/","title":{"rendered":"Projects"},"content":{"rendered":"<p><\/p>\n<div id=\"model-response-message-contentr_77cc044b9a39866b\" class=\"markdown markdown-main-panel enable-updated-hr-color\" dir=\"ltr\">\n<p>The Sisters are continuously active in various events, which you can find in the calendar or news section. Their activities include:<\/p>\n<ul>\n<li><strong>HIV<\/strong>, <strong>HCV<\/strong>, and <strong>Syphilis<\/strong> testing drives<\/li>\n<li>Participation in<b> Pride Marches<\/b> in Poland and Europe<\/li>\n<li>Involvement in <b>fetish events<\/b>, particularly Mister competitions<\/li>\n<\/ul>\n<p>We also run projects in cooperation with international organizations, as well as local and national government ministries in Poland.<\/p>\n<table>\n<tbody>\n<tr>\n<th>No.<\/th>\n<th>Name<\/th>\n<th>Partner<\/th>\n<th>Dates<\/th>\n<th>Support Value<\/th>\n<th>Total Project Value<\/th>\n<\/tr>\n<tr>\n<td>1<\/td>\n<td>Dystrybucja test\u00f3w domowtch na HIV.<\/td>\n<td>World Health Organization<\/td>\n<td>1 marca 2024 &#8211; 31 grudnia 2024<\/td>\n<td>25000 z\u0142 &#8211; wk\u0142ad niefinansowy<\/td>\n<td>25000 z\u0142 &#8211; wk\u0142ad + wolontariat<\/td>\n<\/tr>\n<tr>\n<td>2\/td><\/p>\n<td>Testowanie, edukacja, wsparcie oraz dystrybucja materia\u0142\u00f3w profilaktycznych.<\/td>\n<td>AIDS Healthcare Foundation<\/td>\n<td>1 marca 2025 &#8211; 31 maja 2025<\/td>\n<td>4000 z\u0142 &#8211; wk\u0142ad niefinansowy<\/td>\n<td>5600 z\u0142 &#8211; wk\u0142ad + wolontariat<\/td>\n<\/tr>\n<tr>\n<td>3<\/td>\n<td>Akcja testowania przesiewowego na HIV, HCV i Ki\u0142\u0119 w Wojew\u00f3dztwie Wielkopolskim<\/td>\n<td>Krajowe Centrum ds. AIDS<\/td>\n<td>1 sierpnia 2025 &#8211; 31 grudnia 2025<\/td>\n<td>11250 z\u0142<\/td>\n<td>11250 z\u0142<\/td>\n<\/tr>\n<\/tbody>\n<\/table>\n<\/div>\n<p><\/p>","protected":false},"excerpt":{"rendered":"<p>The Sisters are continuously active in various events, which you can find in the calendar or news section. Their activities include: HIV, HCV, and Syphilis testing drives Participation in Pride Marches in Poland and Europe Involvement in fetish events, particularly Mister competitions We also run projects in cooperation with international organizations, as well as local [&hellip;]<\/p>\n","protected":false},"author":1,"featured_media":0,"parent":0,"menu_order":0,"comment_status":"closed","ping_status":"closed","template":"","meta":{"footnotes":""},"class_list":["post-761","page","type-page","status-publish","hentry"],"_links":{"self":[{"href":"https:\/\/siostry.org.pl\/en\/wp-json\/wp\/v2\/pages\/761","targetHints":{"allow":["GET"]}}],"collection":[{"href":"https:\/\/siostry.org.pl\/en\/wp-json\/wp\/v2\/pages"}],"about":[{"href":"https:\/\/siostry.org.pl\/en\/wp-json\/wp\/v2\/types\/page"}],"author":[{"embeddable":true,"href":"https:\/\/siostry.org.pl\/en\/wp-json\/wp\/v2\/users\/1"}],"replies":[{"embeddable":true,"href":"https:\/\/siostry.org.pl\/en\/wp-json\/wp\/v2\/comments?post=761"}],"version-history":[{"count":18,"href":"https:\/\/siostry.org.pl\/en\/wp-json\/wp\/v2\/pages\/761\/revisions"}],"predecessor-version":[{"id":812,"href":"https:\/\/siostry.org.pl\/en\/wp-json\/wp\/v2\/pages\/761\/revisions\/812"}],"wp:attachment":[{"href":"https:\/\/siostry.org.pl\/en\/wp-json\/wp\/v2\/media?parent=761"}],"curies":[{"name":"wp","href":"https:\/\/api.w.org\/{rel}","templated":true}]}}