{"id":41,"date":"2017-09-25T15:34:05","date_gmt":"2017-09-25T15:34:05","guid":{"rendered":"http:\/\/siostry.org.pl\/?page_id=41"},"modified":"2018-02-20T09:47:42","modified_gmt":"2018-02-20T09:47:42","slug":"jak-zostac-siostra","status":"publish","type":"page","link":"https:\/\/siostry.org.pl\/en\/jak-zostac-siostra\/","title":{"rendered":"How to became Sister"},"content":{"rendered":"<p>Je\u015bli chcia\u0142by\u015b zosta\u0107 Siostr\u0105 zg\u0142o\u015b si\u0119 do jednej z Misji . Najlepiej do najbli\u017cszej misji. Mo\u017cesz napisa\u0107 na adres:\u00a0<a href=\"mary.read@siostry.org.pl\">mary.read@siostry.org.pl<\/a><\/p>\n<p>Bycie Siostr\u0105 Nieustaj\u0105cej Przyjemno\u015bci jest bardzo satysfakcjonuj\u0105c\u0105, ale tez czasami ci\u0119\u017ck\u0105 prac\u0105. Mo\u017cesz zosta\u0107 Siostr\u0105, Bratem lub Stra\u017cnikiem. Do przej\u015bcia masz kilka etap\u00f3w:<\/p>\n<ul>\n<li>Po zg\u0142oszeniu si\u0119 do Misji zostaniesz <strong>Kandydatk\u0105<\/strong>. Jako kandydatka poznasz inne Siostry, b\u0119dziesz uczestniczy\u0107 w spotkaniach, oraz obserwowa\u0107 siostry podczas manifestacji. Podczas obserwacji zobaczysz czy chcesz by\u0107 Siostr\u0105. Poznasz tez Siostr\u0119 od Nowicjuszek, kt\u00f3ra zdecyduje o Twoim wst\u0105pieniu do Zakonu.<\/li>\n<li>Nast\u0119pny etap to <strong>Postulat<\/strong>. \u00a0Jako postulantka ubierasz si\u0119 na czarno, mo\u017cesz malowa\u0107 twarz na bia\u0142o, jednak u\u017cy\u0107 tylko jednego koloru do makija\u017cu. Jako nakrycie g\u0142owy u\u017cywasz bia\u0142ego p\u0142\u00f3tna zas\u0142aniaj\u0105cego w\u0142osy. Podczas tego okresu powinna\u015b uczestniczy\u0107 w trzech manifestacjach, razem ze starszymi Siostrami. Nie masz jeszcze praw g\u0142osu w Misji. Okres ten trwa zwykle oko\u0142o p\u00f3\u0142 roku, podczas kt\u00f3rego poznajesz histori\u0119 Zakonu.<\/li>\n<li>Ostatnim etapem przed pe\u0142nym cz\u0142onkostwem jest <strong>Nowicjat<\/strong>. Jako nowicjuszka zak\u0142adasz pe\u0142ne nakrycie g\u0142owy, jednak tylko z bia\u0142ym welonem. Habit w kolorze czarnym, lub bia\u0142ym. Mo\u017cesz u\u017cywa\u0107 ro\u017cnych kolor\u00f3w do makija\u017cu, jednak bez zb\u0119dnych \u015bwiecide\u0142ek. Podczas Nowicjatu wykonujesz specjalny projekt. Przez okres min p\u00f3\u0142 roku powinna\u015b uczestniczy\u0107 w trzech manifestacjach. Za specjalna zgoda matki prze\u0142o\u017conej, mo\u017cesz uczestniczy\u0107 w manifestacjach samodzielnie, oraz udziela\u0107 b\u0142ogos\u0142awie\u0144stw &#8211; je\u015bli \u017cadna z pe\u0142nych Si\u00f3str nie jest dost\u0119pna.<\/li>\n<li>I na ko\u0144cu, po decyzji Rady Misji, zostajesz <strong>Pe\u0142na Siostr\u0105<\/strong>, tzw. Black-veiled. Mo\u017cesz nosi\u0107 dowolny kolor welona i habitu. Do makija\u017cu u\u017cywa\u0107 dowolnych kolor\u00f3w i ozd\u00f3b. Ceremonia nazywana &#8216;Black-veiling&#8217; jest tu niezb\u0119dna. Jako pe\u0142na siostra masz pe\u0142ne prawa manifestowa\u0107, jak r\u00f3wnie\u017c udziela\u0107 b\u0142ogos\u0142awie\u0144stw.<\/li>\n<\/ul>\n<p>Obecnie Siostr\u0105 lub Bratem mo\u017ce zosta\u0107 ka\u017cdy, niezale\u017cnie od p\u0142ci, wyznania, czy innych czynnik\u00f3w.<\/p>\n","protected":false},"excerpt":{"rendered":"<p>Je\u015bli chcia\u0142by\u015b zosta\u0107 Siostr\u0105 zg\u0142o\u015b si\u0119 do jednej z Misji . Najlepiej do najbli\u017cszej misji. Mo\u017cesz napisa\u0107 na adres:\u00a0mary.read@siostry.org.pl Bycie Siostr\u0105 Nieustaj\u0105cej Przyjemno\u015bci jest bardzo satysfakcjonuj\u0105c\u0105, ale tez czasami ci\u0119\u017ck\u0105 prac\u0105. Mo\u017cesz zosta\u0107 Siostr\u0105, Bratem lub Stra\u017cnikiem. Do przej\u015bcia masz kilka etap\u00f3w: Po zg\u0142oszeniu si\u0119 do Misji zostaniesz Kandydatk\u0105. Jako kandydatka poznasz inne Siostry, b\u0119dziesz [&hellip;]<\/p>\n","protected":false},"author":1,"featured_media":0,"parent":0,"menu_order":0,"comment_status":"closed","ping_status":"closed","template":"","meta":{"footnotes":""},"class_list":["post-41","page","type-page","status-publish","hentry"],"_links":{"self":[{"href":"https:\/\/siostry.org.pl\/en\/wp-json\/wp\/v2\/pages\/41","targetHints":{"allow":["GET"]}}],"collection":[{"href":"https:\/\/siostry.org.pl\/en\/wp-json\/wp\/v2\/pages"}],"about":[{"href":"https:\/\/siostry.org.pl\/en\/wp-json\/wp\/v2\/types\/page"}],"author":[{"embeddable":true,"href":"https:\/\/siostry.org.pl\/en\/wp-json\/wp\/v2\/users\/1"}],"replies":[{"embeddable":true,"href":"https:\/\/siostry.org.pl\/en\/wp-json\/wp\/v2\/comments?post=41"}],"version-history":[{"count":2,"href":"https:\/\/siostry.org.pl\/en\/wp-json\/wp\/v2\/pages\/41\/revisions"}],"predecessor-version":[{"id":158,"href":"https:\/\/siostry.org.pl\/en\/wp-json\/wp\/v2\/pages\/41\/revisions\/158"}],"wp:attachment":[{"href":"https:\/\/siostry.org.pl\/en\/wp-json\/wp\/v2\/media?parent=41"}],"curies":[{"name":"wp","href":"https:\/\/api.w.org\/{rel}","templated":true}]}}