{"id":35,"date":"2017-09-25T14:46:32","date_gmt":"2017-09-25T14:46:32","guid":{"rendered":"http:\/\/siostry.org.pl\/?page_id=35"},"modified":"2018-02-20T10:01:02","modified_gmt":"2018-02-20T10:01:02","slug":"misja-krakowska","status":"publish","type":"page","link":"https:\/\/siostry.org.pl\/en\/misja-krakowska\/","title":{"rendered":"Cracow Mission"},"content":{"rendered":"<p>Mission in Cracow has name &#8216;Siostry Nieustaj\u0105cego Pob\u0142a\u017cania&#8217;. They start his work September 2016.<br \/>\nCracow&#8217;s Mather &#8211; Sister Fistina Kowalska.<\/p>\n<p><img loading=\"lazy\" decoding=\"async\" class=\"alignnone wp-image-36 size-thumbnail\" src=\"http:\/\/siostry.org.pl\/wp-content\/uploads\/2017\/09\/18361548_120332000594412080_2017343215_n-150x150.jpg\" alt=\"\" width=\"150\" height=\"150\" \/>\u00a0<img loading=\"lazy\" decoding=\"async\" class=\"alignnone wp-image-37 size-thumbnail\" src=\"http:\/\/siostry.org.pl\/wp-content\/uploads\/2017\/09\/18290064_120332000606737114_832714241_o-150x150.jpg\" alt=\"\" width=\"150\" height=\"150\" \/><\/p>","protected":false},"excerpt":{"rendered":"<p>Mission in Cracow has name &#8216;Siostry Nieustaj\u0105cego Pob\u0142a\u017cania&#8217;. They start his work September 2016. Cracow&#8217;s Mather &#8211; Sister Fistina Kowalska. \u00a0<\/p>\n","protected":false},"author":1,"featured_media":0,"parent":0,"menu_order":0,"comment_status":"closed","ping_status":"closed","template":"","meta":{"footnotes":""},"class_list":["post-35","page","type-page","status-publish","hentry"],"_links":{"self":[{"href":"https:\/\/siostry.org.pl\/en\/wp-json\/wp\/v2\/pages\/35","targetHints":{"allow":["GET"]}}],"collection":[{"href":"https:\/\/siostry.org.pl\/en\/wp-json\/wp\/v2\/pages"}],"about":[{"href":"https:\/\/siostry.org.pl\/en\/wp-json\/wp\/v2\/types\/page"}],"author":[{"embeddable":true,"href":"https:\/\/siostry.org.pl\/en\/wp-json\/wp\/v2\/users\/1"}],"replies":[{"embeddable":true,"href":"https:\/\/siostry.org.pl\/en\/wp-json\/wp\/v2\/comments?post=35"}],"version-history":[{"count":4,"href":"https:\/\/siostry.org.pl\/en\/wp-json\/wp\/v2\/pages\/35\/revisions"}],"predecessor-version":[{"id":163,"href":"https:\/\/siostry.org.pl\/en\/wp-json\/wp\/v2\/pages\/35\/revisions\/163"}],"wp:attachment":[{"href":"https:\/\/siostry.org.pl\/en\/wp-json\/wp\/v2\/media?parent=35"}],"curies":[{"name":"wp","href":"https:\/\/api.w.org\/{rel}","templated":true}]}}