{"id":18,"date":"2017-09-25T14:17:59","date_gmt":"2017-09-25T14:17:59","guid":{"rendered":"http:\/\/siostry.org.pl\/?page_id=18"},"modified":"2018-02-20T09:47:13","modified_gmt":"2018-02-20T09:47:13","slug":"historia","status":"publish","type":"page","link":"https:\/\/siostry.org.pl\/en\/historia\/","title":{"rendered":"Sistery"},"content":{"rendered":"<p>Zakon Si\u00f3str Nieustaj\u0105cej Przyjemno\u015bci (ang. The Sisters of Perpetual Indulgence) powsta\u0142 w Wielkanoc roku 1979 w Los Angels. Od tego czasu na ca\u0142ym \u015bwiecie powsta\u0142o wiele dom\u00f3w. Obecnie dzia\u0142a ponad 100 zgromadze\u0144. Wi\u0119cej na temat historii si\u00f3str mo\u017cesz przeczyta\u0107 na stronie:\u00a0<a href=\"https:\/\/www.thesisters.org\/sistory\">https:\/\/www.thesisters.org\/sistory<\/a><\/p>\n<p>W Polsce pierwsza Siostra Bernadetta rozpocz\u0119\u0142a dzia\u0142alno\u015b\u0107 w pa\u017adzierniku 2014 roku.<\/p>\n","protected":false},"excerpt":{"rendered":"<p>Zakon Si\u00f3str Nieustaj\u0105cej Przyjemno\u015bci (ang. The Sisters of Perpetual Indulgence) powsta\u0142 w Wielkanoc roku 1979 w Los Angels. Od tego czasu na ca\u0142ym \u015bwiecie powsta\u0142o wiele dom\u00f3w. Obecnie dzia\u0142a ponad 100 zgromadze\u0144. Wi\u0119cej na temat historii si\u00f3str mo\u017cesz przeczyta\u0107 na stronie:\u00a0https:\/\/www.thesisters.org\/sistory W Polsce pierwsza Siostra Bernadetta rozpocz\u0119\u0142a dzia\u0142alno\u015b\u0107 w pa\u017adzierniku 2014 roku.<\/p>\n","protected":false},"author":1,"featured_media":0,"parent":0,"menu_order":0,"comment_status":"closed","ping_status":"closed","template":"","meta":{"footnotes":""},"class_list":["post-18","page","type-page","status-publish","hentry"],"_links":{"self":[{"href":"https:\/\/siostry.org.pl\/en\/wp-json\/wp\/v2\/pages\/18","targetHints":{"allow":["GET"]}}],"collection":[{"href":"https:\/\/siostry.org.pl\/en\/wp-json\/wp\/v2\/pages"}],"about":[{"href":"https:\/\/siostry.org.pl\/en\/wp-json\/wp\/v2\/types\/page"}],"author":[{"embeddable":true,"href":"https:\/\/siostry.org.pl\/en\/wp-json\/wp\/v2\/users\/1"}],"replies":[{"embeddable":true,"href":"https:\/\/siostry.org.pl\/en\/wp-json\/wp\/v2\/comments?post=18"}],"version-history":[{"count":2,"href":"https:\/\/siostry.org.pl\/en\/wp-json\/wp\/v2\/pages\/18\/revisions"}],"predecessor-version":[{"id":157,"href":"https:\/\/siostry.org.pl\/en\/wp-json\/wp\/v2\/pages\/18\/revisions\/157"}],"wp:attachment":[{"href":"https:\/\/siostry.org.pl\/en\/wp-json\/wp\/v2\/media?parent=18"}],"curies":[{"name":"wp","href":"https:\/\/api.w.org\/{rel}","templated":true}]}}