{"id":103,"date":"2017-10-11T12:56:52","date_gmt":"2017-10-11T12:56:52","guid":{"rendered":"http:\/\/siostry.org.pl\/?page_id=103"},"modified":"2019-03-12T12:08:19","modified_gmt":"2019-03-12T12:08:19","slug":"siostra-mary-read","status":"publish","type":"page","link":"https:\/\/siostry.org.pl\/en\/misja-poznanska\/siostra-mary-read\/","title":{"rendered":"Siostra Mary Read"},"content":{"rendered":"<p><img loading=\"lazy\" decoding=\"async\" class=\"size-medium wp-image-64 alignright\" src=\"http:\/\/siostry.org.pl\/wp-content\/uploads\/2017\/10\/15032283_1092782534181607_5208598171563718668_n-300x165.jpg\" alt=\"\" width=\"300\" height=\"165\" srcset=\"https:\/\/siostry.org.pl\/wp-content\/uploads\/2017\/10\/15032283_1092782534181607_5208598171563718668_n-300x165.jpg 300w, https:\/\/siostry.org.pl\/wp-content\/uploads\/2017\/10\/15032283_1092782534181607_5208598171563718668_n-768x422.jpg 768w, https:\/\/siostry.org.pl\/wp-content\/uploads\/2017\/10\/15032283_1092782534181607_5208598171563718668_n.jpg 960w\" sizes=\"auto, (max-width: 300px) 100vw, 300px\" \/><\/p>\n<p>Siostra Mary Read Okres <em>kandydacki<\/em> rozpocz\u0119\u0142a dnia 13 listopada 2016 roku. Ch\u0119\u0107 wst\u0105pienia do zgromadzenia z\u0142o\u017cy\u0142a na r\u0119ce Siostry Daphne &#8211; prze\u0142o\u017conej jednego z dom\u00f3w berli\u0144skich.<\/p>\n<p><img loading=\"lazy\" decoding=\"async\" class=\"size-medium wp-image-59 alignleft\" src=\"http:\/\/siostry.org.pl\/wp-content\/uploads\/2016\/12\/15259728_1223533437730096_6900454372026943533_o-300x225.jpg\" alt=\"\" width=\"300\" height=\"225\" srcset=\"https:\/\/siostry.org.pl\/wp-content\/uploads\/2016\/12\/15259728_1223533437730096_6900454372026943533_o-300x225.jpg 300w, https:\/\/siostry.org.pl\/wp-content\/uploads\/2016\/12\/15259728_1223533437730096_6900454372026943533_o-768x576.jpg 768w, https:\/\/siostry.org.pl\/wp-content\/uploads\/2016\/12\/15259728_1223533437730096_6900454372026943533_o-1024x768.jpg 1024w, https:\/\/siostry.org.pl\/wp-content\/uploads\/2016\/12\/15259728_1223533437730096_6900454372026943533_o.jpg 1296w\" sizes=\"auto, (max-width: 300px) 100vw, 300px\" \/>Pierwszy raz jako <em>Postulantka<\/em> manifestowa\u0142a podczas dorocznego spotkania \u015bwi\u0105tecznego w Berlinie. Tutaj przyj\u0119\u0142a imi\u0119 Siostra Mary Read.<\/p>\n<p>Mary Read by\u0142a jedn\u0105 z bardziej Queerowych postaci okresu wczesnego o\u015bwiecenia.<\/p>\n<p>Podczas fina\u0142owej imprezy Queerowego Maju roku 2017&#8217;go, Mary Read zosta\u0142a <em>Nowicjuszk\u0105<\/em>. Siostry z Krakowskiego Domu Si\u00f3str Nieustaj\u0105cego Pob\u0142a\u017cania zako\u0144czy\u0142y okres postulancki.<\/p>\n<p>Jako &#8216;Novice Project&#8217; Siostra Mary Read postanowi\u0142a przet\u0142umaczy\u0107 g\u0142\u00f3wne idee, oraz ceremonial na j\u0119zyk polski, tak by umo\u017cliwi\u0107 rozpropagowanie wiedzy o Zakonie w Polsce.<\/p>\n<p>Kolejny etap &#8211; Black Veiling odby\u0142 sie 2 marca w klubie Dark Angels w Poznaniu &#8211; w Mi\u0119dzynarodowy dzie\u0144 ratowania kot\u00f3w. \u015alub\u00f3w udzieli\u0142a Siostra Suzette, w ceremionii bra\u0142a udzia\u0142 mama Siostry Mary &#8211; Zofia.<img loading=\"lazy\" decoding=\"async\" class=\"alignnone size-medium wp-image-388\" src=\"http:\/\/siostry.org.pl\/wp-content\/uploads\/2019\/03\/BV_1-300x225.jpg\" alt=\"\" width=\"300\" height=\"225\" srcset=\"https:\/\/siostry.org.pl\/wp-content\/uploads\/2019\/03\/BV_1-300x225.jpg 300w, https:\/\/siostry.org.pl\/wp-content\/uploads\/2019\/03\/BV_1-768x576.jpg 768w, https:\/\/siostry.org.pl\/wp-content\/uploads\/2019\/03\/BV_1-1024x768.jpg 1024w, https:\/\/siostry.org.pl\/wp-content\/uploads\/2019\/03\/BV_1.jpg 1200w\" sizes=\"auto, (max-width: 300px) 100vw, 300px\" \/><img loading=\"lazy\" decoding=\"async\" class=\"size-medium wp-image-78 alignright\" src=\"http:\/\/siostry.org.pl\/wp-content\/uploads\/2017\/10\/19943008_1483873518371277_1605408880956001429_o-300x200.jpg\" alt=\"\" width=\"300\" height=\"200\" srcset=\"https:\/\/siostry.org.pl\/wp-content\/uploads\/2017\/10\/19943008_1483873518371277_1605408880956001429_o-300x200.jpg 300w, https:\/\/siostry.org.pl\/wp-content\/uploads\/2017\/10\/19943008_1483873518371277_1605408880956001429_o-768x513.jpg 768w, https:\/\/siostry.org.pl\/wp-content\/uploads\/2017\/10\/19943008_1483873518371277_1605408880956001429_o-1024x684.jpg 1024w, https:\/\/siostry.org.pl\/wp-content\/uploads\/2017\/10\/19943008_1483873518371277_1605408880956001429_o.jpg 1800w\" sizes=\"auto, (max-width: 300px) 100vw, 300px\" \/><\/p>\n<blockquote><p><strong>Mary Read<\/strong> &#8211; <em>angielska piratka<\/em>, urodzona pod koniec XVIIw w Londynie. Aby dosta\u0107 si\u0119 do wojska, a nast\u0119pnie na statek Mary musia\u0142a przebiera\u0107 si\u0119 za m\u0119\u017cczyzn\u0119. W roku 1719 statek handlowy na kt\u00f3rym p\u0142yn\u0119\u0142a zaatakowali piraci. Po\u015br\u00f3d pirat\u00f3w by\u0142a inna piratka &#8211; Anne Bonny, r\u00f3wnie\u017c przebrana w m\u0119skie ubrania. Dziewczyny zakocha\u0142y si\u0119 nie wiedz\u0105c \u017ce s\u0105 kobietami. P\u00f3\u017aniej gdy prawda wysz\u0142a na jaw stanowi\u0142y za\u0142og\u0119 razem z Calico Jackiem. W roku 1720 zostali pojmani i os\u0105dzeni. Poniewa\u017c obie by\u0142y w ci\u0105\u017cy, unikn\u0119\u0142y stryczka. Mary Read zmar\u0142a niestety chwile p\u00f3\u017aniej w wi\u0119zieniu.<\/p><\/blockquote>\n<p><\/p>","protected":false},"excerpt":{"rendered":"<p>Siostra Mary Read Okres kandydacki rozpocz\u0119\u0142a dnia 13 listopada 2016 roku. Ch\u0119\u0107 wst\u0105pienia do zgromadzenia z\u0142o\u017cy\u0142a na r\u0119ce Siostry Daphne &#8211; prze\u0142o\u017conej jednego z dom\u00f3w berli\u0144skich. Pierwszy raz jako Postulantka manifestowa\u0142a podczas dorocznego spotkania \u015bwi\u0105tecznego w Berlinie. Tutaj przyj\u0119\u0142a imi\u0119 Siostra Mary Read. Mary Read by\u0142a jedn\u0105 z bardziej Queerowych postaci okresu wczesnego o\u015bwiecenia. Podczas [&hellip;]<\/p>\n","protected":false},"author":1,"featured_media":33,"parent":31,"menu_order":0,"comment_status":"closed","ping_status":"closed","template":"","meta":{"footnotes":""},"class_list":["post-103","page","type-page","status-publish","has-post-thumbnail","hentry"],"_links":{"self":[{"href":"https:\/\/siostry.org.pl\/en\/wp-json\/wp\/v2\/pages\/103","targetHints":{"allow":["GET"]}}],"collection":[{"href":"https:\/\/siostry.org.pl\/en\/wp-json\/wp\/v2\/pages"}],"about":[{"href":"https:\/\/siostry.org.pl\/en\/wp-json\/wp\/v2\/types\/page"}],"author":[{"embeddable":true,"href":"https:\/\/siostry.org.pl\/en\/wp-json\/wp\/v2\/users\/1"}],"replies":[{"embeddable":true,"href":"https:\/\/siostry.org.pl\/en\/wp-json\/wp\/v2\/comments?post=103"}],"version-history":[{"count":11,"href":"https:\/\/siostry.org.pl\/en\/wp-json\/wp\/v2\/pages\/103\/revisions"}],"predecessor-version":[{"id":395,"href":"https:\/\/siostry.org.pl\/en\/wp-json\/wp\/v2\/pages\/103\/revisions\/395"}],"up":[{"embeddable":true,"href":"https:\/\/siostry.org.pl\/en\/wp-json\/wp\/v2\/pages\/31"}],"wp:featuredmedia":[{"embeddable":true,"href":"https:\/\/siostry.org.pl\/en\/wp-json\/wp\/v2\/media\/33"}],"wp:attachment":[{"href":"https:\/\/siostry.org.pl\/en\/wp-json\/wp\/v2\/media?parent=103"}],"curies":[{"name":"wp","href":"https:\/\/api.w.org\/{rel}","templated":true}]}}